{"id":719,"date":"2018-02-05T11:38:55","date_gmt":"2018-02-05T10:38:55","guid":{"rendered":"http:\/\/munzzzd.cluster028.hosting.ovh.net\/gli-spacci\/"},"modified":"2018-02-25T20:34:48","modified_gmt":"2018-02-25T19:34:48","slug":"factory-outlets","status":"publish","type":"page","link":"https:\/\/www.zoreformaggi.it\/en\/factory-outlets\/","title":{"rendered":"FACTORY OUTLETS"},"content":{"rendered":"<p><strong>Punto vendita in azienda:<\/strong><br \/>\nDal luned\u00ec alla domenica: 9.30-12.30 e 15.30-18.30<\/p>\n<p><strong>Punto vendita Localit\u00e0 Vedronza 36, Lusevera<\/strong><br \/>\n(Da primavera a fine dicembre)<br \/>\nDal gioved\u00ec alla domenica: 9.30-12.30 e 15.30-18.30<\/p>\n","protected":false},"excerpt":{"rendered":"<p>Punto vendita in azienda: Dal luned\u00ec alla domenica: 9.30-12.30 e 15.30-18.30 Punto vendita Localit\u00e0 Vedronza 36, Lusevera (Da primavera a fine dicembre) Dal gioved\u00ec alla domenica: 9.30-12.30 e 15.30-18.30<\/p>\n","protected":false},"author":1,"featured_media":755,"parent":0,"menu_order":0,"comment_status":"closed","ping_status":"closed","template":"","meta":[],"_links":{"self":[{"href":"https:\/\/www.zoreformaggi.it\/en\/wp-json\/wp\/v2\/pages\/719"}],"collection":[{"href":"https:\/\/www.zoreformaggi.it\/en\/wp-json\/wp\/v2\/pages"}],"about":[{"href":"https:\/\/www.zoreformaggi.it\/en\/wp-json\/wp\/v2\/types\/page"}],"author":[{"embeddable":true,"href":"https:\/\/www.zoreformaggi.it\/en\/wp-json\/wp\/v2\/users\/1"}],"replies":[{"embeddable":true,"href":"https:\/\/www.zoreformaggi.it\/en\/wp-json\/wp\/v2\/comments?post=719"}],"version-history":[{"count":2,"href":"https:\/\/www.zoreformaggi.it\/en\/wp-json\/wp\/v2\/pages\/719\/revisions"}],"predecessor-version":[{"id":762,"href":"https:\/\/www.zoreformaggi.it\/en\/wp-json\/wp\/v2\/pages\/719\/revisions\/762"}],"wp:featuredmedia":[{"embeddable":true,"href":"https:\/\/www.zoreformaggi.it\/en\/wp-json\/wp\/v2\/media\/755"}],"wp:attachment":[{"href":"https:\/\/www.zoreformaggi.it\/en\/wp-json\/wp\/v2\/media?parent=719"}],"curies":[{"name":"wp","href":"https:\/\/api.w.org\/{rel}","templated":true}]}}